{"id":16,"date":"2011-06-20T13:04:22","date_gmt":"2011-06-20T13:04:22","guid":{"rendered":"https:\/\/venanzionofrio.it\/?page_id=16"},"modified":"2011-06-22T06:28:57","modified_gmt":"2011-06-22T06:28:57","slug":"coou","status":"publish","type":"page","link":"https:\/\/venanzionofrio.it\/index.php\/coou\/","title":{"rendered":"COOU"},"content":{"rendered":"<p style=\"text-align: justify;\">&nbsp;<\/p>\n<p style=\"text-align: justify;\"><strong>Il problema della raccolta e del recupero energetico dell&#8217;olio minerale usato \u00e8 stato risolto istituendo il Consorzio Obbligatorio degli Oli Usati.<\/strong><\/p>\n<p style=\"text-align: justify;\">L&#8217;esperienza, la rete di raccolta dei Raccoglitori Concessionari e la &#8220;vocazione&#8221; sociale (il Consorzio non ha scopi di lucro) confermano l&#8217;importanza di questo organismo incaricato di perseguire finalit\u00e0 ambientali e di recupero energetico.<\/p>\n<p style=\"text-align: justify;\">Impiegati in innumerevoli applicazioni in un&#8217;economia tecnologicamente avanzata gli oli lubrificanti subiscono trasformazioni chimico-fisiche che li rendono inadatti a svolgere le funzioni cui erano destinati, per cui vanno sostituiti.<\/p>\n<p style=\"text-align: justify;\">In Italia vengono annualmente immesse al consumo circa 600 mila tonnellate di olio lubrificante, da cui si stima residuino circa 200 mila tonnellate di olio usato: se eliminato in modo scorretto o impiegato in modo improprio, questo prodotto pu\u00f2 trasformarsi in un potente agente di inquinamento. Secondo il decreto 95\/92, &#8220;gli oli usati debbono essere eliminati evitando danni alla salute e all&#8217;ambiente&#8221;.<\/p>\n<p style=\"text-align: justify;\">L&#8217;organizzazione di base \u00e8 costituita attualmente da circa 70 Raccoglitori Concessionari dislocati in tutte, le regioni d&#8217;Italia che, con i loro automezzi, visitano i detentori attivi e quelli potenziali, raccogliendo gli oli usati e stoccandoli nei loro depositi. Una seconda struttura organizzativa costituita da sei Societ\u00e0 mandatarie con giurisdizione territoriale: tali societ\u00e0 hanno le funzioni di coordinamento, di promozione e di controllo dei raccoglitori.<\/p>\n<p style=\"text-align: justify;\"><strong>Chiunque, telefonando al 800\/863048, potr\u00e0 avere gratuitamente informazioni concrete sulla corretta destinazione degli oli e potr\u00e0 conoscere il recapito dei raccoglitore pi\u00f9 vicino e le modalit\u00e0 di consegna. Una piccola idea per realizzare un grande proposito: contribuire in maniera sempre pi\u00f9 consistente alla tutela ambientale e al risparmio energetico.<\/strong><\/p>\n","protected":false},"excerpt":{"rendered":"<p>&nbsp; Il problema della raccolta e del recupero energetico dell&#8217;olio minerale usato \u00e8 stato risolto istituendo il Consorzio Obbligatorio degli Oli Usati. L&#8217;esperienza, la rete di raccolta dei Raccoglitori Concessionari e la &#8220;vocazione&#8221; sociale (il Consorzio non ha scopi di lucro) confermano l&#8217;importanza di questo organismo incaricato di perseguire finalit\u00e0 ambientali e di recupero energetico. [&hellip;]<\/p>\n","protected":false},"author":148,"featured_media":0,"parent":0,"menu_order":0,"comment_status":"closed","ping_status":"closed","template":"","meta":[],"_links":{"self":[{"href":"https:\/\/venanzionofrio.it\/index.php\/wp-json\/wp\/v2\/pages\/16"}],"collection":[{"href":"https:\/\/venanzionofrio.it\/index.php\/wp-json\/wp\/v2\/pages"}],"about":[{"href":"https:\/\/venanzionofrio.it\/index.php\/wp-json\/wp\/v2\/types\/page"}],"author":[{"embeddable":true,"href":"https:\/\/venanzionofrio.it\/index.php\/wp-json\/wp\/v2\/users\/148"}],"replies":[{"embeddable":true,"href":"https:\/\/venanzionofrio.it\/index.php\/wp-json\/wp\/v2\/comments?post=16"}],"version-history":[{"count":0,"href":"https:\/\/venanzionofrio.it\/index.php\/wp-json\/wp\/v2\/pages\/16\/revisions"}],"wp:attachment":[{"href":"https:\/\/venanzionofrio.it\/index.php\/wp-json\/wp\/v2\/media?parent=16"}],"curies":[{"name":"wp","href":"https:\/\/api.w.org\/{rel}","templated":true}]}}